{"id":4826,"date":"2021-08-14T09:03:29","date_gmt":"2021-08-14T08:03:29","guid":{"rendered":"http:\/\/basketlanden.be\/new\/?page_id=4826"},"modified":"2026-03-06T17:13:29","modified_gmt":"2026-03-06T16:13:29","slug":"u12-b-benjamins-jongens-en-meisjes-level-4-br","status":"publish","type":"page","link":"https:\/\/basketlanden.be\/new\/ploegen\/u12-b-benjamins-jongens-en-meisjes-level-4-br\/","title":{"rendered":"U12 \u2013 Benjamins Meisjes \u2013 Niveau 3 D"},"content":{"rendered":"\n<h2 class=\"wp-block-heading\">Team<\/h2>\n\n\n\n<table style=\"background-color: #f1f1f1;\" cellspacing=\"0px\" ;=\"\" align=\"center\">\n<thead>\n<tr style=\"height: 30px; background-color: #009452;\">\n<td style=\"height: 24px; width: 60px; border-right-width: 1px; border-right-style: solid; border-right-color: #009452; vertical-align: middle; text-align: center;\"><span style=\"color: #ffffff;\">SHIRT<\/span><\/td>\n<td style=\"height: 24px; width: 290px; border-right-width: 1px; border-right-style: solid; border-right-color: #009452; vertical-align: middle; text-align: center;\"><span style=\"color: #ffffff;\">NAAM<\/span><\/td>\n<\/tr>\n<\/thead>\n<tbody>\n<tr style=\"border-color: #7d7d7d;\">\n<td style=\"height: 25px; border: 1px solid #009452; text-align:center; vertical-align: middle;\">&nbsp;14<\/td>\n<td style=\"height: 25px; border: 1px solid #009452; vertical-align: middle;\">&nbsp;Klara H\u00e9rens Michalik<\/td>\n<\/tr>\n<tr>\n<td style=\"height: 25px; border: 1px solid #009452; text-align:center; vertical-align: middle;\">&nbsp;15<\/td>\n<td style=\"height: 25px; border: 1px solid #009452; vertical-align: middle;\">&nbsp;Elena Fran\u00e7ois<\/td>\n<\/tr>\n<tr>\n<td style=\"height: 25px; border: 1px solid #009452; text-align:center; vertical-align: middle;\">&nbsp;16<\/td>\n<td style=\"height: 25px; border: 1px solid #009452; vertical-align: middle;\">&nbsp;Rosalie Fran\u00e7ois<\/td>\n<\/tr>\n<tr>\n<td style=\"height: 25px; border: 1px solid #009452; text-align:center; vertical-align: middle;\">&nbsp;17<\/td>\n<td style=\"height: 25px; border: 1px solid #009452; vertical-align: middle;\">&nbsp;Sylke Van Hoef Douxchamps<\/td>\n<\/tr>\n<tr>\n<td style=\"height: 25px; border: 1px solid #009452; text-align:center; vertical-align: middle;\">&nbsp;18<\/td>\n<td style=\"height: 25px; border: 1px solid #009452; vertical-align: middle;\">&nbsp;Feike Toremans<\/td>\n<\/tr>\n<tr>\n<td style=\"height: 25px; border: 1px solid #009452; text-align:center; vertical-align: middle;\">&nbsp;19<\/td>\n<td style=\"height: 25px; border: 1px solid #009452; vertical-align: middle;\">&nbsp;Kaylee De Cupere<\/td>\n<\/tr>\n<tr>\n<td style=\"height: 25px; border: 1px solid #009452; text-align:center; vertical-align: middle;\">&nbsp;20<\/td>\n<td style=\"height: 25px; border: 1px solid #009452; vertical-align: middle;\">&nbsp;Alice Syroit<\/td>\n<\/tr>\n<tr>\n<td style=\"height: 25px; border: 1px solid #009452; text-align:center; vertical-align: middle;\">&nbsp;21<\/td>\n<td style=\"height: 25px; border: 1px solid #009452; vertical-align: middle;\">&nbsp;Aissatou Diallo<\/td>\n<\/tr>\n<tr>\n<td style=\"height: 25px; border: 1px solid #009452; text-align:center; vertical-align: middle;\">&nbsp;23<\/td>\n<td style=\"height: 25px; border: 1px solid #009452; vertical-align: middle;\">&nbsp;Suzanne Tshabantu Mukendi Kamwe<\/td>\n<\/tr>\n<tr>\n<td style=\"height: 25px; border: 1px solid #009452; text-align:center; vertical-align: middle;\">&nbsp;24<\/td>\n<td style=\"height: 25px; border: 1px solid #009452; vertical-align: middle;\">&nbsp;Lina Benramdane Laghrissi<\/td>\n<\/tr>\n<tr>\n<td style=\"height: 25px; border: 1px solid #009452; text-align:center; vertical-align: middle;\">&nbsp;25<\/td>\n<td style=\"height: 25px; border: 1px solid #009452; vertical-align: middle;\">&nbsp;Abbie-Lavena Mouanjo Mouanjo<\/td>\n<\/tr>\n<tr>\n<\/tbody>\n<\/table>\n\n\n\n<p><\/p>\n\n\n\n<p><\/p>\n\n\n\n<h2 class=\"wp-block-heading\">Team Management<\/h2>\n\n\n\n<table style=\"background-color: #f1f1f1;\" cellspacing=\"0px\" ;=\"\" align=\"center\">\n<thead>\n<tr style=\"height: 30px; background-color: #009452;\">\n<td style=\"height: 24px; width: 180px; border-right-width: 1px; border-right-style: solid; border-right-color: #009452; vertical-align: middle; text-align: center;\"><span style=\"color: #ffffff;\"> FUNCTIE<\/span><\/td>\n\n<td style=\"height: 24px; width: 200px; border-right-width: 1px; border-right-style: solid; border-right-color: #009452; vertical-align: middle; text-align: center;\"><span style=\"color: #ffffff;\"> NAAM<\/span><\/td>\n\n<td style=\"height: 24px; width: 150px; border-right-width: 1px; border-right-style: solid; border-right-color: #009452; text-align: center; vertical-align: middle;\"><span style=\"color: #ffffff;\">GSM<\/span><\/td>\n\n<td style=\"height: 24px; width: 270px; border-right-width: 1px; border-right-style: solid; border-right-color: #009452; text-align: center; vertical-align: middle;\"><span style=\"color: #ffffff;\">E-MAIL<\/span><\/td>\n<\/tr>\n<\/thead>\n<tbody>\n<tr style=\"border-color: #7d7d7d;\">\n<td style=\"height: 25px; border: 1px solid #009452; vertical-align: middle;\">&nbsp;Coach<\/td>\n<td style=\"height: 25px; border: 1px solid #009452; vertical-align: middle;\">&nbsp;Mila Mangelinckx<\/td>\n<td style=\"height: 25px; border: 1px solid #009452; vertical-align: middle;\">&nbsp;+32 476 501 854<\/td>\n<td style=\"height: 25px; border: 1px solid #009452; vertical-align: middle;\">&nbsp;<a href=\"mailto:coach.u12ga@basketlanden.be?subject=Coach U12-G-B: \">coach.u12gb@basketlanden.be<\/a><\/td>\n<\/tr>\n<tr>\n<td style=\"height: 25px; border: 1px solid #009452; vertical-align: middle;\">&nbsp;Assist Coach<\/td>\n<td style=\"height: 25px; border: 1px solid #009452; vertical-align: middle;\">&nbsp;Edi Vos<\/td>\n<td style=\"height: 25px; border: 1px solid #009452; vertical-align: middle;\">&nbsp;+32 479 713 485<\/td>\n<td style=\"height: 25px; border: 1px solid #009452; vertical-align: middle;\">&nbsp;<a \nhref=\"mailto:assistcoach.u12ga@basketlanden.be?subject=Assistent Coach U12-G-A: \">assistcoach.u12ga@basketlanden.be<\/a><\/td>\n<\/tr>\n<tr>\n<td style=\"height: 25px; border: 1px solid #009452; vertical-align: middle;\">&nbsp;Team responsible<\/td>\n<td style=\"height: 25px; border: 1px solid #009452; vertical-align: middle;\">&nbsp;<\/td>\n<td style=\"height: 25px; border: 1px solid #009452; vertical-align: middle;\">&nbsp;<\/td>\n<td style=\"height: 25px; border: 1px solid #009452; vertical-align: middle;\">&nbsp;<\/td>\n<\/tr>\n<tr>\n<td style=\"height: 25px; border: 1px solid #009452; vertical-align: middle;\">&nbsp;Assist Team responsible<\/td>\n<td style=\"height: 25px; border: 1px solid #009452; vertical-align: middle;\">&nbsp;<\/td>\n<td style=\"height: 25px; border: 1px solid #009452; vertical-align: middle;\">&nbsp;<\/td>\n<td style=\"height: 25px; border: 1px solid #009452; vertical-align: middle;\">&nbsp;<\/td>\n<\/tr>\n<tr>\n<td style=\"height: 25px; border: 1px solid #009452; vertical-align: middle;\">&nbsp;Manager Youth<\/td>\n<td style=\"height: 25px; border: 1px solid #009452; vertical-align: middle;\">&nbsp;Marijke Gillet<\/td>\n<td style=\"height: 25px; border: 1px solid #009452; vertical-align: middle;\">&nbsp;+32 496 470 729<\/td>\n<td style=\"height: 25px; border: 1px solid #009452; vertical-align: middle;\">&nbsp;<a href=\"manager.youth@basketlanden.be?subject=Manager Youth U12-G-B: \">manager.youth@basketlanden.be<\/a><\/td>\n<\/tr>\n<tr>\n<\/tr>\n<\/tbody>\n<\/table>\n\n\n\n<p><\/p>\n\n\n\n<h2 class=\"wp-block-heading\">Training<\/h2>\n\n\n\n<table style=\"background-color: #f1f1f1;\" cellspacing=\"0px\" ;=\"\" align=\"center\">\n<thead>\n<tr style=\"height: 30px; background-color: #009452;\">\n<td style=\"height: 24px; width: 250px; border-right-width: 1px; border-right-style: solid; border-right-color: #009452; vertical-align: middle; text-align: center;\"><span style=\"color: #ffffff;\"> DAG<\/span><\/td>\n\n<td style=\"height: 24px; width: 250px; border-right-width: 1px; border-right-style: solid; border-right-color: #009452; vertical-align: middle; text-align: center;\"><span style=\"color: #ffffff;\"> UUR<\/span><\/td>\n\n<td style=\"height: 24px; width: 300px; border-right-width: 1px; border-right-style: solid; border-right-color: #009452; text-align: center; vertical-align: middle;\"><span style=\"color: #ffffff;\">LOCATIE<\/span>\n<\/td><\/tr>\n<\/thead>\n<tbody>\n<tr style=\"border-color: #7d7d7d;\">\n<td style=\"height: 25px; border: 1px solid #009452; vertical-align: middle;\">&nbsp;Woensdag<\/td>\n<td style=\"height: 25px; border: 1px solid #009452; text-align: center; vertical-align: middle;\">&nbsp;18:30u &#8211; 20:00u<\/td>\n<td style=\"height: 25px; border: 1px solid #009452; vertical-align: middle;\">&nbsp;Sporthal Landen<\/td>\n<\/tr>\n<tr>\n<td style=\"height: 25px; border: 1px solid #009452; vertical-align: middle;\">&nbsp;Vrijdag<\/td>\n<td style=\"height: 25px; border: 1px solid #009452; text-align: center; vertical-align: middle;\">&nbsp;18:00u &#8211; 19:30u<\/td>\n<td style=\"height: 25px; border: 1px solid #009452; vertical-align: middle;\">&nbsp;Sporthal Landen<\/td>\n<\/tr>\n<tr>\n<\/tr>\n<\/tbody>\n<\/table>\n\n\n\n<p><\/p>\n\n\n\n<h2 class=\"wp-block-heading\">Results &#8211; Schedule<\/h2>\n\n\n\n\n\n<figure class=\"wp-block-image size-full\"><a href=\"https:\/\/www.basketbal.vlaanderen\/resultaten\/l-s-v-basket-landen\/lsv-basket-landen-m12-a\"><img loading=\"lazy\" decoding=\"async\" width=\"522\" height=\"488\" src=\"https:\/\/i0.wp.com\/basketlanden.be\/new\/wp-content\/uploads\/2026\/03\/uitslagen-en-klassement-10.png?resize=522%2C488&#038;ssl=1\" alt=\"\" class=\"wp-image-11661\" srcset=\"https:\/\/i0.wp.com\/basketlanden.be\/new\/wp-content\/uploads\/2026\/03\/uitslagen-en-klassement-10.png?w=522&amp;ssl=1 522w, https:\/\/i0.wp.com\/basketlanden.be\/new\/wp-content\/uploads\/2026\/03\/uitslagen-en-klassement-10.png?resize=300%2C280&amp;ssl=1 300w\" sizes=\"auto, (max-width: 522px) 100vw, 522px\" data-recalc-dims=\"1\" \/><\/a><\/figure>\n","protected":false},"excerpt":{"rendered":"<p>Team SHIRT NAAM &nbsp;14 &nbsp;Klara H\u00e9rens Michalik &nbsp;15 &nbsp;Elena Fran\u00e7ois &nbsp;16 &nbsp;Rosalie Fran\u00e7ois &nbsp;17 &nbsp;Sylke Van Hoef Douxchamps &nbsp;18 &nbsp;Feike Toremans &nbsp;19 &nbsp;Kaylee De Cupere &nbsp;20 &nbsp;Alice Syroit &nbsp;21 &nbsp;Aissatou Diallo &nbsp;23 &nbsp;Suzanne Tshabantu Mukendi Kamwe &nbsp;24 &nbsp;Lina Benramdane Laghrissi &nbsp;25 &nbsp;Abbie-Lavena Mouanjo Mouanjo Team Management FUNCTIE NAAM GSM E-MAIL &nbsp;Coach &nbsp;Mila Mangelinckx &nbsp;+32 476 [&hellip;]<\/p>\n","protected":false},"author":8,"featured_media":0,"parent":20,"menu_order":0,"comment_status":"closed","ping_status":"closed","template":"","meta":{"_joinchat":[],"footnotes":""},"class_list":["post-4826","page","type-page","status-publish","hentry"],"yoast_head":"<!-- This site is optimized with the Yoast SEO plugin v21.9 - https:\/\/yoast.com\/wordpress\/plugins\/seo\/ -->\n<title>U12 \u2013 Benjamins Meisjes \u2013 Niveau 3 D - LSV Basket Landen<\/title>\n<meta name=\"robots\" content=\"index, follow, max-snippet:-1, max-image-preview:large, max-video-preview:-1\" \/>\n<link rel=\"canonical\" href=\"https:\/\/basketlanden.be\/new\/ploegen\/u12-b-benjamins-jongens-en-meisjes-level-4-br\/\" \/>\n<meta property=\"og:locale\" content=\"nl_NL\" \/>\n<meta property=\"og:type\" content=\"article\" \/>\n<meta property=\"og:title\" content=\"U12 \u2013 Benjamins Meisjes \u2013 Niveau 3 D - LSV Basket Landen\" \/>\n<meta property=\"og:description\" content=\"Team SHIRT NAAM &nbsp;14 &nbsp;Klara H\u00e9rens Michalik &nbsp;15 &nbsp;Elena Fran\u00e7ois &nbsp;16 &nbsp;Rosalie Fran\u00e7ois &nbsp;17 &nbsp;Sylke Van Hoef Douxchamps &nbsp;18 &nbsp;Feike Toremans &nbsp;19 &nbsp;Kaylee De Cupere &nbsp;20 &nbsp;Alice Syroit &nbsp;21 &nbsp;Aissatou Diallo &nbsp;23 &nbsp;Suzanne Tshabantu Mukendi Kamwe &nbsp;24 &nbsp;Lina Benramdane Laghrissi &nbsp;25 &nbsp;Abbie-Lavena Mouanjo Mouanjo Team Management FUNCTIE NAAM GSM E-MAIL &nbsp;Coach &nbsp;Mila Mangelinckx &nbsp;+32 476 [&hellip;]\" \/>\n<meta property=\"og:url\" content=\"https:\/\/basketlanden.be\/new\/ploegen\/u12-b-benjamins-jongens-en-meisjes-level-4-br\/\" \/>\n<meta property=\"og:site_name\" content=\"LSV Basket Landen\" \/>\n<meta property=\"article:modified_time\" content=\"2026-03-06T16:13:29+00:00\" \/>\n<meta property=\"og:image\" content=\"https:\/\/basketlanden.be\/new\/wp-content\/uploads\/2026\/03\/uitslagen-en-klassement-10.png\" \/>\n<meta name=\"twitter:label1\" content=\"Geschatte leestijd\" \/>\n\t<meta name=\"twitter:data1\" content=\"1 minuut\" \/>\n<script type=\"application\/ld+json\" class=\"yoast-schema-graph\">{\"@context\":\"https:\/\/schema.org\",\"@graph\":[{\"@type\":\"WebPage\",\"@id\":\"https:\/\/basketlanden.be\/new\/ploegen\/u12-b-benjamins-jongens-en-meisjes-level-4-br\/\",\"url\":\"https:\/\/basketlanden.be\/new\/ploegen\/u12-b-benjamins-jongens-en-meisjes-level-4-br\/\",\"name\":\"U12 \u2013 Benjamins Meisjes \u2013 Niveau 3 D - LSV Basket Landen\",\"isPartOf\":{\"@id\":\"https:\/\/basketlanden.be\/new\/#website\"},\"datePublished\":\"2021-08-14T08:03:29+00:00\",\"dateModified\":\"2026-03-06T16:13:29+00:00\",\"breadcrumb\":{\"@id\":\"https:\/\/basketlanden.be\/new\/ploegen\/u12-b-benjamins-jongens-en-meisjes-level-4-br\/#breadcrumb\"},\"inLanguage\":\"nl-NL\",\"potentialAction\":[{\"@type\":\"ReadAction\",\"target\":[\"https:\/\/basketlanden.be\/new\/ploegen\/u12-b-benjamins-jongens-en-meisjes-level-4-br\/\"]}]},{\"@type\":\"BreadcrumbList\",\"@id\":\"https:\/\/basketlanden.be\/new\/ploegen\/u12-b-benjamins-jongens-en-meisjes-level-4-br\/#breadcrumb\",\"itemListElement\":[{\"@type\":\"ListItem\",\"position\":1,\"name\":\"Home\",\"item\":\"https:\/\/basketlanden.be\/new\/\"},{\"@type\":\"ListItem\",\"position\":2,\"name\":\"Ploegen\",\"item\":\"https:\/\/basketlanden.be\/new\/ploegen\/\"},{\"@type\":\"ListItem\",\"position\":3,\"name\":\"U12 \u2013 Benjamins Meisjes \u2013 Niveau 3 D\"}]},{\"@type\":\"WebSite\",\"@id\":\"https:\/\/basketlanden.be\/new\/#website\",\"url\":\"https:\/\/basketlanden.be\/new\/\",\"name\":\"LSV Basket Landen\",\"description\":\"\",\"publisher\":{\"@id\":\"https:\/\/basketlanden.be\/new\/#organization\"},\"potentialAction\":[{\"@type\":\"SearchAction\",\"target\":{\"@type\":\"EntryPoint\",\"urlTemplate\":\"https:\/\/basketlanden.be\/new\/?s={search_term_string}\"},\"query-input\":\"required name=search_term_string\"}],\"inLanguage\":\"nl-NL\"},{\"@type\":\"Organization\",\"@id\":\"https:\/\/basketlanden.be\/new\/#organization\",\"name\":\"LSV Basket Landen\",\"url\":\"https:\/\/basketlanden.be\/new\/\",\"logo\":{\"@type\":\"ImageObject\",\"inLanguage\":\"nl-NL\",\"@id\":\"https:\/\/basketlanden.be\/new\/#\/schema\/logo\/image\/\",\"url\":\"https:\/\/i0.wp.com\/basketlanden.be\/new\/wp-content\/uploads\/2021\/12\/LOGO-BASKET.png?fit=160%2C73&ssl=1\",\"contentUrl\":\"https:\/\/i0.wp.com\/basketlanden.be\/new\/wp-content\/uploads\/2021\/12\/LOGO-BASKET.png?fit=160%2C73&ssl=1\",\"width\":160,\"height\":73,\"caption\":\"LSV Basket Landen\"},\"image\":{\"@id\":\"https:\/\/basketlanden.be\/new\/#\/schema\/logo\/image\/\"}}]}<\/script>\n<!-- \/ Yoast SEO plugin. -->","yoast_head_json":{"title":"U12 \u2013 Benjamins Meisjes \u2013 Niveau 3 D - LSV Basket Landen","robots":{"index":"index","follow":"follow","max-snippet":"max-snippet:-1","max-image-preview":"max-image-preview:large","max-video-preview":"max-video-preview:-1"},"canonical":"https:\/\/basketlanden.be\/new\/ploegen\/u12-b-benjamins-jongens-en-meisjes-level-4-br\/","og_locale":"nl_NL","og_type":"article","og_title":"U12 \u2013 Benjamins Meisjes \u2013 Niveau 3 D - LSV Basket Landen","og_description":"Team SHIRT NAAM &nbsp;14 &nbsp;Klara H\u00e9rens Michalik &nbsp;15 &nbsp;Elena Fran\u00e7ois &nbsp;16 &nbsp;Rosalie Fran\u00e7ois &nbsp;17 &nbsp;Sylke Van Hoef Douxchamps &nbsp;18 &nbsp;Feike Toremans &nbsp;19 &nbsp;Kaylee De Cupere &nbsp;20 &nbsp;Alice Syroit &nbsp;21 &nbsp;Aissatou Diallo &nbsp;23 &nbsp;Suzanne Tshabantu Mukendi Kamwe &nbsp;24 &nbsp;Lina Benramdane Laghrissi &nbsp;25 &nbsp;Abbie-Lavena Mouanjo Mouanjo Team Management FUNCTIE NAAM GSM E-MAIL &nbsp;Coach &nbsp;Mila Mangelinckx &nbsp;+32 476 [&hellip;]","og_url":"https:\/\/basketlanden.be\/new\/ploegen\/u12-b-benjamins-jongens-en-meisjes-level-4-br\/","og_site_name":"LSV Basket Landen","article_modified_time":"2026-03-06T16:13:29+00:00","og_image":[{"url":"https:\/\/basketlanden.be\/new\/wp-content\/uploads\/2026\/03\/uitslagen-en-klassement-10.png"}],"twitter_misc":{"Geschatte leestijd":"1 minuut"},"schema":{"@context":"https:\/\/schema.org","@graph":[{"@type":"WebPage","@id":"https:\/\/basketlanden.be\/new\/ploegen\/u12-b-benjamins-jongens-en-meisjes-level-4-br\/","url":"https:\/\/basketlanden.be\/new\/ploegen\/u12-b-benjamins-jongens-en-meisjes-level-4-br\/","name":"U12 \u2013 Benjamins Meisjes \u2013 Niveau 3 D - LSV Basket Landen","isPartOf":{"@id":"https:\/\/basketlanden.be\/new\/#website"},"datePublished":"2021-08-14T08:03:29+00:00","dateModified":"2026-03-06T16:13:29+00:00","breadcrumb":{"@id":"https:\/\/basketlanden.be\/new\/ploegen\/u12-b-benjamins-jongens-en-meisjes-level-4-br\/#breadcrumb"},"inLanguage":"nl-NL","potentialAction":[{"@type":"ReadAction","target":["https:\/\/basketlanden.be\/new\/ploegen\/u12-b-benjamins-jongens-en-meisjes-level-4-br\/"]}]},{"@type":"BreadcrumbList","@id":"https:\/\/basketlanden.be\/new\/ploegen\/u12-b-benjamins-jongens-en-meisjes-level-4-br\/#breadcrumb","itemListElement":[{"@type":"ListItem","position":1,"name":"Home","item":"https:\/\/basketlanden.be\/new\/"},{"@type":"ListItem","position":2,"name":"Ploegen","item":"https:\/\/basketlanden.be\/new\/ploegen\/"},{"@type":"ListItem","position":3,"name":"U12 \u2013 Benjamins Meisjes \u2013 Niveau 3 D"}]},{"@type":"WebSite","@id":"https:\/\/basketlanden.be\/new\/#website","url":"https:\/\/basketlanden.be\/new\/","name":"LSV Basket Landen","description":"","publisher":{"@id":"https:\/\/basketlanden.be\/new\/#organization"},"potentialAction":[{"@type":"SearchAction","target":{"@type":"EntryPoint","urlTemplate":"https:\/\/basketlanden.be\/new\/?s={search_term_string}"},"query-input":"required name=search_term_string"}],"inLanguage":"nl-NL"},{"@type":"Organization","@id":"https:\/\/basketlanden.be\/new\/#organization","name":"LSV Basket Landen","url":"https:\/\/basketlanden.be\/new\/","logo":{"@type":"ImageObject","inLanguage":"nl-NL","@id":"https:\/\/basketlanden.be\/new\/#\/schema\/logo\/image\/","url":"https:\/\/i0.wp.com\/basketlanden.be\/new\/wp-content\/uploads\/2021\/12\/LOGO-BASKET.png?fit=160%2C73&ssl=1","contentUrl":"https:\/\/i0.wp.com\/basketlanden.be\/new\/wp-content\/uploads\/2021\/12\/LOGO-BASKET.png?fit=160%2C73&ssl=1","width":160,"height":73,"caption":"LSV Basket Landen"},"image":{"@id":"https:\/\/basketlanden.be\/new\/#\/schema\/logo\/image\/"}}]}},"jetpack_sharing_enabled":true,"post_mailing_queue_ids":[],"_links":{"self":[{"href":"https:\/\/basketlanden.be\/new\/wp-json\/wp\/v2\/pages\/4826","targetHints":{"allow":["GET"]}}],"collection":[{"href":"https:\/\/basketlanden.be\/new\/wp-json\/wp\/v2\/pages"}],"about":[{"href":"https:\/\/basketlanden.be\/new\/wp-json\/wp\/v2\/types\/page"}],"author":[{"embeddable":true,"href":"https:\/\/basketlanden.be\/new\/wp-json\/wp\/v2\/users\/8"}],"replies":[{"embeddable":true,"href":"https:\/\/basketlanden.be\/new\/wp-json\/wp\/v2\/comments?post=4826"}],"version-history":[{"count":16,"href":"https:\/\/basketlanden.be\/new\/wp-json\/wp\/v2\/pages\/4826\/revisions"}],"predecessor-version":[{"id":11662,"href":"https:\/\/basketlanden.be\/new\/wp-json\/wp\/v2\/pages\/4826\/revisions\/11662"}],"up":[{"embeddable":true,"href":"https:\/\/basketlanden.be\/new\/wp-json\/wp\/v2\/pages\/20"}],"wp:attachment":[{"href":"https:\/\/basketlanden.be\/new\/wp-json\/wp\/v2\/media?parent=4826"}],"curies":[{"name":"wp","href":"https:\/\/api.w.org\/{rel}","templated":true}]}}